{"id":1846,"date":"2025-07-11T16:51:02","date_gmt":"2025-07-11T08:51:02","guid":{"rendered":"https:\/\/www.berchemicals.com\/?post_type=product&#038;p=1846"},"modified":"2025-07-18T14:01:55","modified_gmt":"2025-07-18T06:01:55","slug":"111-tris-hydroxy-methyl-ethane-tme","status":"publish","type":"product","link":"https:\/\/www.berchemicals.com\/fr\/product\/111-tris-hydroxy-methyl-ethane-tme\/","title":{"rendered":"1,1,1-Tris (hydroxy m\u00e9thyl) \u00e9thane (TME)"},"content":{"rendered":"<p>Nom du produit en anglais : 1,1,1-Tris (hydroxy m\u00e9thyl) \u00e9thane (TME)<\/p>\n<p>Num\u00e9ro CAS : 77-85-0<\/p>","protected":false},"excerpt":{"rendered":"<p>Product name in English: 1,1,1-Tris (hydroxy Methyl) ethane (TME) CAS No.: 77-85-0<\/p>","protected":false},"featured_media":1955,"template":"","meta":[],"product_cat":[305],"product_tag":[],"class_list":["post-1846","product","type-product","status-publish","has-post-thumbnail","hentry","product_cat-furan-based-products"],"_links":{"self":[{"href":"https:\/\/www.berchemicals.com\/fr\/wp-json\/wp\/v2\/product\/1846","targetHints":{"allow":["GET"]}}],"collection":[{"href":"https:\/\/www.berchemicals.com\/fr\/wp-json\/wp\/v2\/product"}],"about":[{"href":"https:\/\/www.berchemicals.com\/fr\/wp-json\/wp\/v2\/types\/product"}],"wp:featuredmedia":[{"embeddable":true,"href":"https:\/\/www.berchemicals.com\/fr\/wp-json\/wp\/v2\/media\/1955"}],"wp:attachment":[{"href":"https:\/\/www.berchemicals.com\/fr\/wp-json\/wp\/v2\/media?parent=1846"}],"wp:term":[{"taxonomy":"product_cat","embeddable":true,"href":"https:\/\/www.berchemicals.com\/fr\/wp-json\/wp\/v2\/product_cat?post=1846"},{"taxonomy":"product_tag","embeddable":true,"href":"https:\/\/www.berchemicals.com\/fr\/wp-json\/wp\/v2\/product_tag?post=1846"}],"curies":[{"name":"wp","href":"https:\/\/api.w.org\/{rel}","templated":true}]}}