{"id":1807,"date":"2025-07-11T16:26:48","date_gmt":"2025-07-11T08:26:48","guid":{"rendered":"https:\/\/www.berchemicals.com\/?post_type=product&#038;p=1807"},"modified":"2025-07-18T10:06:31","modified_gmt":"2025-07-18T02:06:31","slug":"methyl-2-tetrahydrofuroate","status":"publish","type":"product","link":"https:\/\/www.berchemicals.com\/fr\/product\/methyl-2-tetrahydrofuroate\/","title":{"rendered":"2-t\u00e9trahydrofuroate de m\u00e9thyle"},"content":{"rendered":"<p>Nom du produit en anglais : 2-t\u00e9trahydrofuroate de m\u00e9thyle<\/p>\n<p>Num\u00e9ro CAS : 37443-42-8<\/p>","protected":false},"excerpt":{"rendered":"<p>Product name in English: Methyl 2-tetrahydrofuroate CAS No.: 37443-42-8<\/p>","protected":false},"featured_media":1943,"template":"","meta":[],"product_cat":[305],"product_tag":[],"class_list":["post-1807","product","type-product","status-publish","has-post-thumbnail","hentry","product_cat-furan-based-products"],"_links":{"self":[{"href":"https:\/\/www.berchemicals.com\/fr\/wp-json\/wp\/v2\/product\/1807","targetHints":{"allow":["GET"]}}],"collection":[{"href":"https:\/\/www.berchemicals.com\/fr\/wp-json\/wp\/v2\/product"}],"about":[{"href":"https:\/\/www.berchemicals.com\/fr\/wp-json\/wp\/v2\/types\/product"}],"wp:featuredmedia":[{"embeddable":true,"href":"https:\/\/www.berchemicals.com\/fr\/wp-json\/wp\/v2\/media\/1943"}],"wp:attachment":[{"href":"https:\/\/www.berchemicals.com\/fr\/wp-json\/wp\/v2\/media?parent=1807"}],"wp:term":[{"taxonomy":"product_cat","embeddable":true,"href":"https:\/\/www.berchemicals.com\/fr\/wp-json\/wp\/v2\/product_cat?post=1807"},{"taxonomy":"product_tag","embeddable":true,"href":"https:\/\/www.berchemicals.com\/fr\/wp-json\/wp\/v2\/product_tag?post=1807"}],"curies":[{"name":"wp","href":"https:\/\/api.w.org\/{rel}","templated":true}]}}