{"id":1624,"date":"2025-07-01T14:43:43","date_gmt":"2025-07-01T06:43:43","guid":{"rendered":"http:\/\/www.berchemicals.com\/?post_type=product&#038;p=1624"},"modified":"2025-07-31T12:20:24","modified_gmt":"2025-07-31T04:20:24","slug":"rhodium-series-of-catalysts","status":"publish","type":"product","link":"https:\/\/www.berchemicals.com\/fr\/product\/rhodium-series-of-catalysts\/","title":{"rendered":"Catalyseurs de la s\u00e9rie Rhodium"},"content":{"rendered":"","protected":false},"excerpt":{"rendered":"<p><strong>Catalyseur support\u00e9 <\/strong><\/p>\n<p>Rhodium sur alumine No CAS : 7440-16-6<br \/>\nCatalyseur au rhodium sur charbon actif (Rh\/C) No CAS : 7440-16-6<\/p>\n<p><strong>Catalyseurs homog\u00e8nes et produits chimiques<\/strong><\/p>\n<p>T\u00e9trafluoroborate de bis(1,5-cyclooctadi\u00e8ne)rhodium(I) No CAS : 35138-22-8<br \/>\nChlorure de rhodium(III) hydrat\u00e9 No CAS : 20765-98-4<br \/>\nAc\u00e9tate de rhodium Num\u00e9ro CAS : 15956-28-2<br \/>\nDim\u00e8re de chloro(1,5-cyclooctadi\u00e8ne)rhodium(I) No CAS : 12092-47-6<br \/>\nAc\u00e9tylac\u00e9tone carbonyl rhodium No CAS : 14874-82-9<br \/>\nDim\u00e8re de dichloro(pentam\u00e9thylcyclopentadi\u00e9nyl)rhodium(III) No CAS : 12354-85-7<br \/>\nT\u00e9trafluoroborate de bis(norbornadi\u00e8ne)rhodium(I) No CAS : 36620-11-8<br \/>\nDim\u00e8re d'octanoate de rhodium No CAS : 73482-96-9<br \/>\nAc\u00e9tylac\u00e9tonatocarbonyltriph\u00e9nylphosphine rhodium (I) No CAS : 25470-96-6<\/p>","protected":false},"featured_media":1977,"template":"","meta":[],"product_cat":[22],"product_tag":[],"class_list":["post-1624","product","type-product","status-publish","has-post-thumbnail","hentry","product_cat-noble-metal-catalyst"],"_links":{"self":[{"href":"https:\/\/www.berchemicals.com\/fr\/wp-json\/wp\/v2\/product\/1624","targetHints":{"allow":["GET"]}}],"collection":[{"href":"https:\/\/www.berchemicals.com\/fr\/wp-json\/wp\/v2\/product"}],"about":[{"href":"https:\/\/www.berchemicals.com\/fr\/wp-json\/wp\/v2\/types\/product"}],"wp:featuredmedia":[{"embeddable":true,"href":"https:\/\/www.berchemicals.com\/fr\/wp-json\/wp\/v2\/media\/1977"}],"wp:attachment":[{"href":"https:\/\/www.berchemicals.com\/fr\/wp-json\/wp\/v2\/media?parent=1624"}],"wp:term":[{"taxonomy":"product_cat","embeddable":true,"href":"https:\/\/www.berchemicals.com\/fr\/wp-json\/wp\/v2\/product_cat?post=1624"},{"taxonomy":"product_tag","embeddable":true,"href":"https:\/\/www.berchemicals.com\/fr\/wp-json\/wp\/v2\/product_tag?post=1624"}],"curies":[{"name":"wp","href":"https:\/\/api.w.org\/{rel}","templated":true}]}}