{"id":1623,"date":"2025-07-01T14:42:12","date_gmt":"2025-07-01T06:42:12","guid":{"rendered":"http:\/\/www.berchemicals.com\/?post_type=product&#038;p=1623"},"modified":"2025-07-31T12:06:53","modified_gmt":"2025-07-31T04:06:53","slug":"ruthenium-series-catalyst","status":"publish","type":"product","link":"https:\/\/www.berchemicals.com\/fr\/product\/ruthenium-series-catalyst\/","title":{"rendered":"Catalyseur de la s\u00e9rie Ruth\u00e9nium"},"content":{"rendered":"","protected":false},"excerpt":{"rendered":"<p><strong>Catalyseur support\u00e9 <\/strong><\/p>\n<p>Ruth\u00e9nium sur carbone m\u00e9soporeux No CAS : 7440-18-8<br \/>\nRuth\u00e9nium sur charbon actif No CAS : 7440-05-3<br \/>\nRuth\u00e9nium sur charbon actif (Ru\/C) No CAS : 7440-05-3<\/p>\n<p><strong>Catalyseurs homog\u00e8nes et produits chimiques<\/strong><\/p>\n<p>((R,R)-2-amino-1,2-diph\u00e9nyl\u00e9thyl)[(4-tolyl)sulfonyl]amido](p-cym\u00e8ne)ruth\u00e9nium(ii)chlorure Num\u00e9ro de CAS : 192139-92-7<br \/>\n[(R)-(+)-2,2\u2032-Bis(diph\u00e9nylphosphino)-1,1\u2032-binaphtyle]dichlorure de ruth\u00e9nium(II)] No CAS : 132071-87-5<br \/>\nChlorure de ruth\u00e9nium(III) hydrat\u00e9 Num\u00e9ro CAS : 14898-67-0<br \/>\nRuth\u00e9noc\u00e8ne No CAS : 1287-13-4<br \/>\nDi-mu-chlorobis(p-cym\u00e8ne)chlororuth\u00e9nium(II) No CAS : 52462-29-0<br \/>\nRuth\u00e9nium(III)-2,4-pentanedionate No CAS : 14284-93-6<br \/>\nDim\u00e8re de diiodo(p-cym\u00e8ne)ruth\u00e9nium(II) No CAS : 90614-07-6<br \/>\nChloro(cyclopentadi\u00e9nyl)bis(triph\u00e9nylphosphine)ruth\u00e9nium(II) No CAS : 32993-05-8<br \/>\nChlorure de tris(triph\u00e9nylphosphine)ruth\u00e9nium(II) No CAS : 15529-49-4<\/p>","protected":false},"featured_media":1970,"template":"","meta":[],"product_cat":[22],"product_tag":[],"class_list":["post-1623","product","type-product","status-publish","has-post-thumbnail","hentry","product_cat-noble-metal-catalyst"],"_links":{"self":[{"href":"https:\/\/www.berchemicals.com\/fr\/wp-json\/wp\/v2\/product\/1623","targetHints":{"allow":["GET"]}}],"collection":[{"href":"https:\/\/www.berchemicals.com\/fr\/wp-json\/wp\/v2\/product"}],"about":[{"href":"https:\/\/www.berchemicals.com\/fr\/wp-json\/wp\/v2\/types\/product"}],"wp:featuredmedia":[{"embeddable":true,"href":"https:\/\/www.berchemicals.com\/fr\/wp-json\/wp\/v2\/media\/1970"}],"wp:attachment":[{"href":"https:\/\/www.berchemicals.com\/fr\/wp-json\/wp\/v2\/media?parent=1623"}],"wp:term":[{"taxonomy":"product_cat","embeddable":true,"href":"https:\/\/www.berchemicals.com\/fr\/wp-json\/wp\/v2\/product_cat?post=1623"},{"taxonomy":"product_tag","embeddable":true,"href":"https:\/\/www.berchemicals.com\/fr\/wp-json\/wp\/v2\/product_tag?post=1623"}],"curies":[{"name":"wp","href":"https:\/\/api.w.org\/{rel}","templated":true}]}}