{"id":1617,"date":"2025-07-01T14:40:06","date_gmt":"2025-07-01T06:40:06","guid":{"rendered":"http:\/\/www.berchemicals.com\/?post_type=product&#038;p=1617"},"modified":"2025-07-31T15:12:18","modified_gmt":"2025-07-31T07:12:18","slug":"r-series-catalyst","status":"publish","type":"product","link":"https:\/\/www.berchemicals.com\/fr\/product\/r-series-catalyst\/","title":{"rendered":"Catalyseur de la s\u00e9rie Ir"},"content":{"rendered":"","protected":false},"excerpt":{"rendered":"<p>(1,5-Cyclooctadi\u00e8ne) (\u00b5-m\u00e9thoxy) iridium(I)<br \/>\nNum\u00e9ro CAS : 12148-71-9<br \/>\nDim\u00e8re de chloro(1,5-cyclooctadi\u00e8ne)iridium(I)<br \/>\nNum\u00e9ro CAS : 12112-67-3<br \/>\nBis(1,5-cyclooctadi\u00e8ne)di-\u03bc-m\u00e9thoxydiridium(I) dim\u00e9ris\u00e9<br \/>\nNum\u00e9ro CAS : 12148-71-9<br \/>\nHexachloroiridate(IV) d'ammonium Num\u00e9ro CAS : 16940-92-4<br \/>\nT\u00e9trafluoroborate de bis(1,5-cyclooctadi\u00e8ne)iridium(I)<br \/>\nNum\u00e9ro CAS : 35138-23-9<\/p>","protected":false},"featured_media":1978,"template":"","meta":[],"product_cat":[22],"product_tag":[],"class_list":["post-1617","product","type-product","status-publish","has-post-thumbnail","hentry","product_cat-noble-metal-catalyst"],"_links":{"self":[{"href":"https:\/\/www.berchemicals.com\/fr\/wp-json\/wp\/v2\/product\/1617","targetHints":{"allow":["GET"]}}],"collection":[{"href":"https:\/\/www.berchemicals.com\/fr\/wp-json\/wp\/v2\/product"}],"about":[{"href":"https:\/\/www.berchemicals.com\/fr\/wp-json\/wp\/v2\/types\/product"}],"wp:featuredmedia":[{"embeddable":true,"href":"https:\/\/www.berchemicals.com\/fr\/wp-json\/wp\/v2\/media\/1978"}],"wp:attachment":[{"href":"https:\/\/www.berchemicals.com\/fr\/wp-json\/wp\/v2\/media?parent=1617"}],"wp:term":[{"taxonomy":"product_cat","embeddable":true,"href":"https:\/\/www.berchemicals.com\/fr\/wp-json\/wp\/v2\/product_cat?post=1617"},{"taxonomy":"product_tag","embeddable":true,"href":"https:\/\/www.berchemicals.com\/fr\/wp-json\/wp\/v2\/product_tag?post=1617"}],"curies":[{"name":"wp","href":"https:\/\/api.w.org\/{rel}","templated":true}]}}