{"id":275,"date":"2022-05-23T11:09:46","date_gmt":"2022-05-23T11:09:46","guid":{"rendered":"http:\/\/dummy.xtemos.com\/woodmart2\/megamarket-elementor\/?page_id=275"},"modified":"2025-07-09T16:17:08","modified_gmt":"2025-07-09T08:17:08","slug":"about-us","status":"publish","type":"page","link":"https:\/\/www.berchemicals.com\/fr\/about-us\/","title":{"rendered":"A propos de nous"},"content":{"rendered":"<div data-elementor-type=\"wp-page\" data-elementor-id=\"275\" class=\"elementor elementor-275\">\n\t\t\t\t\t\t\t\t\t<section class=\"wd-negative-gap elementor-section elementor-top-section elementor-element elementor-element-e2a0fab elementor-section-content-middle elementor-section-boxed elementor-section-height-default elementor-section-height-default wd-section-disabled\" data-id=\"e2a0fab\" data-element_type=\"section\">\n\t\t\t\t\t\t<div class=\"elementor-container elementor-column-gap-default\">\n\t\t\t\t\t<div class=\"elementor-column elementor-col-50 elementor-top-column elementor-element elementor-element-97078bc\" data-id=\"97078bc\" data-element_type=\"column\">\n\t\t\t<div class=\"elementor-widget-wrap elementor-element-populated\">\n\t\t\t\t\t\t\t\t<div class=\"elementor-element elementor-element-015b07a elementor-widget elementor-widget-wd_title\" data-id=\"015b07a\" data-element_type=\"widget\" data-widget_type=\"wd_title.default\">\n\t\t\t\t<div class=\"elementor-widget-container\">\n\t\t\t\t\t<div class=\"title-wrapper set-mb-s reset-last-child wd-title-color-default wd-title-style-default wd-title-size-large text-left\">\n\n\t\t\t\n\t\t\t<div class=\"liner-continer\">\n\t\t\t\t<h4 class=\"woodmart-title-container title wd-fontsize-xxl\">A propos de nous<\/h4> \n\t\t\t\t\t\t\t<\/div>\n\n\t\t\t\t\t<\/div>\n\t\t\t\t<\/div>\n\t\t\t\t<\/div>\n\t\t\t\t<div class=\"elementor-element elementor-element-b08f08b elementor-widget elementor-widget-wd_text_block\" data-id=\"b08f08b\" data-element_type=\"widget\" data-widget_type=\"wd_text_block.default\">\n\t\t\t\t<div class=\"elementor-widget-container\">\n\t\t\t\t\t<div class=\"wd-text-block reset-last-child text-left\">\n\t\t\t\n\t\t\t<p>\u00a0 \u00a0 \u00a0Black Earth Rock (Hubei) Chemical Co., Ltd est l'un des principaux fournisseurs chinois de catalyseurs \u00e0 base de m\u00e9taux nobles dans l'industrie de la chimie fine, proposant des s\u00e9ries de palladium, de platine, de rhodium et de ruth\u00e9nium, ainsi que certains catalyseurs haut de gamme \u00e0 base de m\u00e9taux non nobles (dichlorure de bis(cyclopentadi\u00e9nyle)titane, dichlorure de bis(cyclopentadi\u00e9nyle)zirconium). Les produits et services sont principalement utilis\u00e9s dans des industries telles que la chimie fine (produits pharmaceutiques, pesticides, nouveaux mat\u00e9riaux chimiques, colorants et pigments), la chimie de base, la protection de l'environnement et les nouvelles \u00e9nergies. Parall\u00e8lement, sur la base de la production de catalyseurs, nous nous engageons dans des op\u00e9rations de coentreprise de production, de traitement et de recyclage de mines de molybd\u00e8ne, couvrant l'ensemble du processus depuis les mati\u00e8res premi\u00e8res de concentr\u00e9 de molybd\u00e8ne jusqu'aux produits chimiques \u00e0 base de molybd\u00e8ne, les produits de traitement en profondeur du molybd\u00e8ne et le recyclage des catalyseurs us\u00e9s contenant du molybd\u00e8ne, formant ainsi une s\u00e9rie de produits \u00e0 base de molybd\u00e8ne, notamment la poudre de molybd\u00e8ne, le t\u00e9tramolybdate d'ammonium, le dimolybdate d'ammonium, l'heptamolybdate d'ammonium, le trioxyde de molybd\u00e8ne et l'acide molybdique.<\/p><p>\u00a0 \u00a0 Black Earth Rock est \u00e9galement une coentreprise de recherche, de d\u00e9veloppement et de production de produits chimiques fins chinois de la s\u00e9rie furane. Elle s'est engag\u00e9e \u00e0 d\u00e9velopper des produits et des technologies d'hydrog\u00e9nation catalytique, qui sont largement utilis\u00e9s dans toutes sortes de rev\u00eatements et de mat\u00e9riaux synth\u00e9tiques. Nous sommes sp\u00e9cialis\u00e9s dans les r\u00e9actions d'hydrog\u00e9nation catalytique \u00e0 haute et moyenne pression (hydrog\u00e9nation du furane, hydrog\u00e9nation des amines aromatiques, hydrog\u00e9nation des acides aromatiques, hydrog\u00e9nation du ph\u00e9nol, hydrog\u00e9nation du cyanure et hydrog\u00e9nation de la pyridine, etc.), dans les r\u00e9actions en phase gazeuse \u00e0 lit fixe \u00e0 haute temp\u00e9rature et dans le d\u00e9veloppement de produits de la s\u00e9rie furane utilisant le furfural comme mati\u00e8re premi\u00e8re de d\u00e9part.<\/p>\n\t\t\t\t\t<\/div>\n\t\t\t\t<\/div>\n\t\t\t\t<\/div>\n\t\t\t\t\t<\/div>\n\t\t<\/div>\n\t\t\t\t<div class=\"elementor-column elementor-col-50 elementor-top-column elementor-element elementor-element-5909345\" data-id=\"5909345\" data-element_type=\"column\">\n\t\t\t<div class=\"elementor-widget-wrap elementor-element-populated\">\n\t\t\t\t\t\t\t\t<div class=\"elementor-element elementor-element-c088814 elementor-widget elementor-widget-image\" data-id=\"c088814\" data-element_type=\"widget\" data-widget_type=\"image.default\">\n\t\t\t\t<div class=\"elementor-widget-container\">\n\t\t\t<style>\/*! elementor - v3.7.8 - 02-10-2022 *\/\n.elementor-widget-image{text-align:center}.elementor-widget-image a{display:inline-block}.elementor-widget-image a img[src$=\".svg\"]{width:48px}.elementor-widget-image img{vertical-align:middle;display:inline-block}<\/style>\t\t\t\t\t\t\t\t\t\t\t\t<img loading=\"lazy\" decoding=\"async\" width=\"818\" height=\"546\" src=\"https:\/\/www.berchemicals.com\/wp-content\/uploads\/2025\/07\/QQ20250701-135714.webp\" class=\"attachment-full size-full\" alt=\"\" \/>\t\t\t\t\t\t\t\t\t\t\t\t\t\t\t<\/div>\n\t\t\t\t<\/div>\n\t\t\t\t\t<\/div>\n\t\t<\/div>\n\t\t\t\t\t\t\t<\/div>\n\t\t<\/section>\n\t\t\t\t<section class=\"wd-negative-gap elementor-section elementor-top-section elementor-element elementor-element-c1a3e29 elementor-section-boxed elementor-section-height-default elementor-section-height-default wd-section-disabled\" data-id=\"c1a3e29\" data-element_type=\"section\">\n\t\t\t\t\t\t<div class=\"elementor-container elementor-column-gap-default\">\n\t\t\t\t\t<div class=\"elementor-column elementor-col-100 elementor-top-column elementor-element elementor-element-a8c7a04\" data-id=\"a8c7a04\" data-element_type=\"column\">\n\t\t\t<div class=\"elementor-widget-wrap elementor-element-populated\">\n\t\t\t\t\t\t\t\t<div class=\"elementor-element elementor-element-426b0b4 elementor-widget elementor-widget-image\" data-id=\"426b0b4\" data-element_type=\"widget\" data-widget_type=\"image.default\">\n\t\t\t\t<div class=\"elementor-widget-container\">\n\t\t\t\t\t\t\t\t\t\t\t\t\t\t\t<img loading=\"lazy\" decoding=\"async\" width=\"1253\" height=\"620\" src=\"https:\/\/www.berchemicals.com\/wp-content\/uploads\/2025\/07\/QQ20250701-151658.webp\" class=\"attachment-full size-full\" alt=\"\" \/>\t\t\t\t\t\t\t\t\t\t\t\t\t\t\t<\/div>\n\t\t\t\t<\/div>\n\t\t\t\t\t<\/div>\n\t\t<\/div>\n\t\t\t\t\t\t\t<\/div>\n\t\t<\/section>\n\t\t\t\t<section class=\"wd-negative-gap elementor-section elementor-top-section elementor-element elementor-element-e5a03a3 elementor-section-boxed elementor-section-height-default elementor-section-height-default wd-section-disabled\" data-id=\"e5a03a3\" data-element_type=\"section\">\n\t\t\t\t\t\t<div class=\"elementor-container elementor-column-gap-default\">\n\t\t\t\t\t<div class=\"elementor-column elementor-col-50 elementor-top-column elementor-element elementor-element-eb34e00\" data-id=\"eb34e00\" data-element_type=\"column\">\n\t\t\t<div class=\"elementor-widget-wrap elementor-element-populated\">\n\t\t\t\t\t\t\t\t<div class=\"elementor-element elementor-element-17d4268 elementor-widget elementor-widget-wd_title\" data-id=\"17d4268\" data-element_type=\"widget\" data-widget_type=\"wd_title.default\">\n\t\t\t\t<div class=\"elementor-widget-container\">\n\t\t\t\t\t<div class=\"title-wrapper set-mb-s reset-last-child wd-title-color-default wd-title-style-default wd-title-size-medium text-left\">\n\n\t\t\t\n\t\t\t<div class=\"liner-continer\">\n\t\t\t\t<h4 class=\"woodmart-title-container title wd-fontsize-xl\">Ce que les gens disent de nous<\/h4> \n\t\t\t\t\t\t\t<\/div>\n\n\t\t\t\t\t<\/div>\n\t\t\t\t<\/div>\n\t\t\t\t<\/div>\n\t\t\t\t<div class=\"elementor-element elementor-element-2fc1584 elementor-widget__width-initial elementor-widget elementor-widget-wd_testimonials\" data-id=\"2fc1584\" data-element_type=\"widget\" data-widget_type=\"wd_testimonials.default\">\n\t\t\t\t<div class=\"elementor-widget-container\">\n\t\t\t\t\t<div class=\"testimonials testimonials-wrapper testimonials-slider testimon-style-info-top  color-scheme- wd-carousel-container wd-carousel-spacing-20\" id=\"carousel-5126\" data-owl-carousel data-speed=\"\" data-slides_per_view_tablet='{\"size\":\"\"}' data-slides_per_view_mobile='{\"size\":\"\"}' data-wrap=\"no\" data-hide_pagination_control=\"yes\" data-hide_prev_next_buttons=\"no\" data-desktop=\"1\" data-tablet=\"1\" data-tablet_landscape=\"1\" data-mobile=\"1\">\n\t\t\t<div class=\"owl-carousel owl-items-lg-1 owl-items-md-1 owl-items-sm-1 owl-items-xs-1\">\n\t\t\t\t\t\t\t\t\t\n<div class=\"wd-testimon column\">\n\t<div class=\"wd-testimon-info\">\n\t\t\t\t\t<div class=\"wd-testimon-thumb\">\n\t\t\t\t<img decoding=\"async\" src=\"https:\/\/www.berchemicals.com\/wp-content\/uploads\/elementor\/thumbs\/megamarket-testimonials-pic-3-r8jnvyiqxo6ji3jh101y0ovhgv3l9pbehyf3vx7i7c.jpg\" class=\"testimonial-avatar-image\">\t\t\t<\/div>\n\t\t\n\t\t<div class=\"wd-testimon-bio\">\n\t\t\t\t\t\t\t<div class=\"wd-testimon-name title\">\n\t\t\t\t\tKingsley Chandler\t\t\t\t<\/div>\n\t\t\t\n\t\t\t\t\t\t\t<div class=\"wd-testimon-pos\">\n\t\t\t\t\tClient de BASF\t\t\t\t<\/div>\n\t\t\t\n\t\t\t<div class=\"star-rating\">\n\t\t\t\t<span style=\"width:100%\"><\/span>\n\t\t\t<\/div>\n\t\t<\/div>\n\t<\/div>\n\n\t\t\t<div class=\"wd-testimon-text reset-last-child\">\n\t\t\t<p>Black Earth Rock est une entreprise fiable. Ses produits sont de haute qualit\u00e9, avec un bon rapport qualit\u00e9-prix, un excellent service et une r\u00e9ponse rapide. Actuellement, Black Earth Rock est devenu l'un de nos fournisseurs chinois les plus stables.<\/p>\t\t<\/div>\n\t<\/div>\t\t\t\t\t\t\t\t\t\n<div class=\"wd-testimon column\">\n\t<div class=\"wd-testimon-info\">\n\t\t\t\t\t<div class=\"wd-testimon-thumb\">\n\t\t\t\t<img decoding=\"async\" src=\"https:\/\/www.berchemicals.com\/wp-content\/uploads\/elementor\/thumbs\/megamarket-testimonials-pic-2-r8jnvyiqxo6ji3jh101y0ovhgv3l9pbehyf3vx7i7c.jpg\" class=\"testimonial-avatar-image\">\t\t\t<\/div>\n\t\t\n\t\t<div class=\"wd-testimon-bio\">\n\t\t\t\t\t\t\t<div class=\"wd-testimon-name title\">\n\t\t\t\t\tOrson Lancaster\t\t\t\t<\/div>\n\t\t\t\n\t\t\t\t\t\t\t<div class=\"wd-testimon-pos\">\n\t\t\t\t\tClient\t\t\t\t<\/div>\n\t\t\t\n\t\t\t<div class=\"star-rating\">\n\t\t\t\t<span style=\"width:100%\"><\/span>\n\t\t\t<\/div>\n\t\t<\/div>\n\t<\/div>\n\n\t\t\t<div class=\"wd-testimon-text reset-last-child\">\n\t\t\t<p>Si le texte devient g\u00eanant dans la conception, c'est que vous faites quelque chose de mal ou qu'ils discutent des modifications \u00e0 apporter au texte.<\/p>\t\t<\/div>\n\t<\/div>\t\t\t\t\t\t\t\t\t\n<div class=\"wd-testimon column\">\n\t<div class=\"wd-testimon-info\">\n\t\t\t\t\t<div class=\"wd-testimon-thumb\">\n\t\t\t\t<img decoding=\"async\" src=\"https:\/\/www.berchemicals.com\/wp-content\/uploads\/elementor\/thumbs\/megamarket-testimonials-pic-1-r8jnvyiqxo6ji3jh101y0ovhgv3l9pbehyf3vx7i7c.jpg\" class=\"testimonial-avatar-image\">\t\t\t<\/div>\n\t\t\n\t\t<div class=\"wd-testimon-bio\">\n\t\t\t\t\t\t\t<div class=\"wd-testimon-name title\">\n\t\t\t\t\tHarleigh Dodson\t\t\t\t<\/div>\n\t\t\t\n\t\t\t\t\t\t\t<div class=\"wd-testimon-pos\">\n\t\t\t\t\tClient\t\t\t\t<\/div>\n\t\t\t\n\t\t\t<div class=\"star-rating\">\n\t\t\t\t<span style=\"width:100%\"><\/span>\n\t\t\t<\/div>\n\t\t<\/div>\n\t<\/div>\n\n\t\t\t<div class=\"wd-testimon-text reset-last-child\">\n\t\t\t<p>Dans le pire des cas, la discussion permet au moins d'atteindre l'objectif final de votre site, ce qui n'est pas le cas des questions sur le sujet.<\/p>\t\t<\/div>\n\t<\/div>\t\t\t\t\t\t\t<\/div>\n\t\t<\/div>\n\t\t\t\t<\/div>\n\t\t\t\t<\/div>\n\t\t\t\t\t<\/div>\n\t\t<\/div>\n\t\t\t\t<div class=\"elementor-column elementor-col-50 elementor-top-column elementor-element elementor-element-23d54c5\" data-id=\"23d54c5\" data-element_type=\"column\">\n\t\t\t<div class=\"elementor-widget-wrap\">\n\t\t\t\t\t\t\t\t\t<\/div>\n\t\t<\/div>\n\t\t\t\t\t\t\t<\/div>\n\t\t<\/section>\n\t\t\t\t\t\t\t<\/div>","protected":false},"excerpt":{"rendered":"<p>About Us \u00a0 \u00a0 \u00a0Black Earth Rock (Hubei) Chemical Co., Ltd is a leading supplier of China noble metal catalysts<\/p>","protected":false},"author":1,"featured_media":0,"parent":0,"menu_order":0,"comment_status":"closed","ping_status":"closed","template":"","meta":{"footnotes":""},"class_list":["post-275","page","type-page","status-publish","hentry"],"_links":{"self":[{"href":"https:\/\/www.berchemicals.com\/fr\/wp-json\/wp\/v2\/pages\/275","targetHints":{"allow":["GET"]}}],"collection":[{"href":"https:\/\/www.berchemicals.com\/fr\/wp-json\/wp\/v2\/pages"}],"about":[{"href":"https:\/\/www.berchemicals.com\/fr\/wp-json\/wp\/v2\/types\/page"}],"author":[{"embeddable":true,"href":"https:\/\/www.berchemicals.com\/fr\/wp-json\/wp\/v2\/users\/1"}],"replies":[{"embeddable":true,"href":"https:\/\/www.berchemicals.com\/fr\/wp-json\/wp\/v2\/comments?post=275"}],"version-history":[{"count":18,"href":"https:\/\/www.berchemicals.com\/fr\/wp-json\/wp\/v2\/pages\/275\/revisions"}],"predecessor-version":[{"id":1742,"href":"https:\/\/www.berchemicals.com\/fr\/wp-json\/wp\/v2\/pages\/275\/revisions\/1742"}],"wp:attachment":[{"href":"https:\/\/www.berchemicals.com\/fr\/wp-json\/wp\/v2\/media?parent=275"}],"curies":[{"name":"wp","href":"https:\/\/api.w.org\/{rel}","templated":true}]}}