{"id":1855,"date":"2025-07-11T16:56:41","date_gmt":"2025-07-11T08:56:41","guid":{"rendered":"https:\/\/www.berchemicals.com\/?post_type=product&#038;p=1855"},"modified":"2025-07-16T16:10:34","modified_gmt":"2025-07-16T08:10:34","slug":"44-oxydiphthalic-anhydride-odpa","status":"publish","type":"product","link":"https:\/\/www.berchemicals.com\/es\/product\/44-oxydiphthalic-anhydride-odpa\/","title":{"rendered":"4,4\u2032-Anh\u00eddrido oxidift\u00e1lico (ODPA)"},"content":{"rendered":"<p>Nombre del producto en ingl\u00e9s: 4,4\u2032-Anh\u00eddrido oxidift\u00e1lico (ODPA)<\/p>\n<p>N\u00ba CAS: 1823-59-2<\/p>","protected":false},"excerpt":{"rendered":"<p>Product name in English: 4,4&#8242;-Oxydiphthalic anhydride (ODPA) CAS No.: 1823-59-2<\/p>","protected":false},"featured_media":1895,"template":"","meta":[],"product_cat":[305],"product_tag":[],"class_list":["post-1855","product","type-product","status-publish","has-post-thumbnail","hentry","product_cat-furan-based-products"],"_links":{"self":[{"href":"https:\/\/www.berchemicals.com\/es\/wp-json\/wp\/v2\/product\/1855","targetHints":{"allow":["GET"]}}],"collection":[{"href":"https:\/\/www.berchemicals.com\/es\/wp-json\/wp\/v2\/product"}],"about":[{"href":"https:\/\/www.berchemicals.com\/es\/wp-json\/wp\/v2\/types\/product"}],"wp:featuredmedia":[{"embeddable":true,"href":"https:\/\/www.berchemicals.com\/es\/wp-json\/wp\/v2\/media\/1895"}],"wp:attachment":[{"href":"https:\/\/www.berchemicals.com\/es\/wp-json\/wp\/v2\/media?parent=1855"}],"wp:term":[{"taxonomy":"product_cat","embeddable":true,"href":"https:\/\/www.berchemicals.com\/es\/wp-json\/wp\/v2\/product_cat?post=1855"},{"taxonomy":"product_tag","embeddable":true,"href":"https:\/\/www.berchemicals.com\/es\/wp-json\/wp\/v2\/product_tag?post=1855"}],"curies":[{"name":"wp","href":"https:\/\/api.w.org\/{rel}","templated":true}]}}