{"id":1851,"date":"2025-07-11T16:53:47","date_gmt":"2025-07-11T08:53:47","guid":{"rendered":"https:\/\/www.berchemicals.com\/?post_type=product&#038;p=1851"},"modified":"2025-07-16T16:14:24","modified_gmt":"2025-07-16T08:14:24","slug":"pyromellitic-dianhydride-pmda","status":"publish","type":"product","link":"https:\/\/www.berchemicals.com\/es\/product\/pyromellitic-dianhydride-pmda\/","title":{"rendered":"Dianh\u00eddrido piromel\u00edtico (PMDA)"},"content":{"rendered":"<p>Nombre del producto en ingl\u00e9s: Dianh\u00eddrido piromel\u00edtico (PMDA)<\/p>\n<p>N\u00ba CAS: 89-32-7<\/p>","protected":false},"excerpt":{"rendered":"<p>Product name in English: Pyromellitic dianhydride (PMDA) CAS No.: 89-32-7<\/p>","protected":false},"featured_media":1899,"template":"","meta":[],"product_cat":[305],"product_tag":[],"class_list":["post-1851","product","type-product","status-publish","has-post-thumbnail","hentry","product_cat-furan-based-products"],"_links":{"self":[{"href":"https:\/\/www.berchemicals.com\/es\/wp-json\/wp\/v2\/product\/1851","targetHints":{"allow":["GET"]}}],"collection":[{"href":"https:\/\/www.berchemicals.com\/es\/wp-json\/wp\/v2\/product"}],"about":[{"href":"https:\/\/www.berchemicals.com\/es\/wp-json\/wp\/v2\/types\/product"}],"wp:featuredmedia":[{"embeddable":true,"href":"https:\/\/www.berchemicals.com\/es\/wp-json\/wp\/v2\/media\/1899"}],"wp:attachment":[{"href":"https:\/\/www.berchemicals.com\/es\/wp-json\/wp\/v2\/media?parent=1851"}],"wp:term":[{"taxonomy":"product_cat","embeddable":true,"href":"https:\/\/www.berchemicals.com\/es\/wp-json\/wp\/v2\/product_cat?post=1851"},{"taxonomy":"product_tag","embeddable":true,"href":"https:\/\/www.berchemicals.com\/es\/wp-json\/wp\/v2\/product_tag?post=1851"}],"curies":[{"name":"wp","href":"https:\/\/api.w.org\/{rel}","templated":true}]}}