{"id":1800,"date":"2025-07-11T16:15:44","date_gmt":"2025-07-11T08:15:44","guid":{"rendered":"https:\/\/www.berchemicals.com\/?post_type=product&#038;p=1800"},"modified":"2025-07-16T15:31:55","modified_gmt":"2025-07-16T07:31:55","slug":"tetrahydrofurfuryl-alcohol","status":"publish","type":"product","link":"https:\/\/www.berchemicals.com\/es\/product\/tetrahydrofurfuryl-alcohol\/","title":{"rendered":"Alcohol tetrahidrofurfur\u00edlico"},"content":{"rendered":"<p>Nombre del producto en ingl\u00e9s: Alcohol tetrahidrofurfur\u00edlico<\/p>\n<p>N\u00ba CAS: 97-99-4<\/p>\n<p>Aplicaci\u00f3n: como disolvente o utilizado en las industrias del caucho y los tintes<\/p>","protected":false},"excerpt":{"rendered":"<p>Product name in English: Tetrahydrofurfuryl alcohol CAS No.: 97-99-4 Application: as a solvent or used in the rubber and dye<\/p>","protected":false},"featured_media":1873,"template":"","meta":[],"product_cat":[303],"product_tag":[],"class_list":["post-1800","product","type-product","status-publish","has-post-thumbnail","hentry","product_cat-bio-based-products"],"_links":{"self":[{"href":"https:\/\/www.berchemicals.com\/es\/wp-json\/wp\/v2\/product\/1800","targetHints":{"allow":["GET"]}}],"collection":[{"href":"https:\/\/www.berchemicals.com\/es\/wp-json\/wp\/v2\/product"}],"about":[{"href":"https:\/\/www.berchemicals.com\/es\/wp-json\/wp\/v2\/types\/product"}],"wp:featuredmedia":[{"embeddable":true,"href":"https:\/\/www.berchemicals.com\/es\/wp-json\/wp\/v2\/media\/1873"}],"wp:attachment":[{"href":"https:\/\/www.berchemicals.com\/es\/wp-json\/wp\/v2\/media?parent=1800"}],"wp:term":[{"taxonomy":"product_cat","embeddable":true,"href":"https:\/\/www.berchemicals.com\/es\/wp-json\/wp\/v2\/product_cat?post=1800"},{"taxonomy":"product_tag","embeddable":true,"href":"https:\/\/www.berchemicals.com\/es\/wp-json\/wp\/v2\/product_tag?post=1800"}],"curies":[{"name":"wp","href":"https:\/\/api.w.org\/{rel}","templated":true}]}}