{"id":1792,"date":"2025-07-11T15:53:25","date_gmt":"2025-07-11T07:53:25","guid":{"rendered":"https:\/\/www.berchemicals.com\/?post_type=product&#038;p=1792"},"modified":"2025-07-16T15:26:26","modified_gmt":"2025-07-16T07:26:26","slug":"pyrrole","status":"publish","type":"product","link":"https:\/\/www.berchemicals.com\/es\/product\/pyrrole\/","title":{"rendered":"Pirrol"},"content":{"rendered":"<p>Nombre del producto en ingl\u00e9s: Pirrol<\/p>\n<p>N\u00ba CAS: 109-97-7<\/p>\n<p>Aplicaci\u00f3n: productos qu\u00edmicos electr\u00f3nicos y productos m\u00e9dicos intermedios<\/p>","protected":false},"excerpt":{"rendered":"<p>Product name in English: Pyrrole CAS No.: 109-97-7 Application: for electronic chemicals and\u00a0medical intermediates<\/p>","protected":false},"featured_media":1866,"template":"","meta":[],"product_cat":[303],"product_tag":[],"class_list":["post-1792","product","type-product","status-publish","has-post-thumbnail","hentry","product_cat-bio-based-products"],"_links":{"self":[{"href":"https:\/\/www.berchemicals.com\/es\/wp-json\/wp\/v2\/product\/1792","targetHints":{"allow":["GET"]}}],"collection":[{"href":"https:\/\/www.berchemicals.com\/es\/wp-json\/wp\/v2\/product"}],"about":[{"href":"https:\/\/www.berchemicals.com\/es\/wp-json\/wp\/v2\/types\/product"}],"wp:featuredmedia":[{"embeddable":true,"href":"https:\/\/www.berchemicals.com\/es\/wp-json\/wp\/v2\/media\/1866"}],"wp:attachment":[{"href":"https:\/\/www.berchemicals.com\/es\/wp-json\/wp\/v2\/media?parent=1792"}],"wp:term":[{"taxonomy":"product_cat","embeddable":true,"href":"https:\/\/www.berchemicals.com\/es\/wp-json\/wp\/v2\/product_cat?post=1792"},{"taxonomy":"product_tag","embeddable":true,"href":"https:\/\/www.berchemicals.com\/es\/wp-json\/wp\/v2\/product_tag?post=1792"}],"curies":[{"name":"wp","href":"https:\/\/api.w.org\/{rel}","templated":true}]}}