{"id":1786,"date":"2025-07-11T15:17:06","date_gmt":"2025-07-11T07:17:06","guid":{"rendered":"https:\/\/www.berchemicals.com\/?post_type=product&#038;p=1786"},"modified":"2025-07-31T14:33:06","modified_gmt":"2025-07-31T06:33:06","slug":"waste-catalyst-recycling","status":"publish","type":"product","link":"https:\/\/www.berchemicals.com\/es\/product\/waste-catalyst-recycling\/","title":{"rendered":"Reciclaje de catalizadores de residuos"},"content":{"rendered":"<p>Extracci\u00f3n y transformaci\u00f3n directas con materiales suministrados<\/p>\n<p>Transferencia y eliminaci\u00f3n<\/p>\n<p>De la miner\u00eda directa a la venta directa y de la transformaci\u00f3n con materiales suministrados al negocio de transformaci\u00f3n<\/p>","protected":false},"excerpt":{"rendered":"<p>Direct minning &amp; Processing with supplied materials Transfer &amp; Disposal Direct mining to direct selling &amp; Processing with supplied materials<\/p>","protected":false},"featured_media":1989,"template":"","meta":[],"product_cat":[306],"product_tag":[],"class_list":["post-1786","product","type-product","status-publish","has-post-thumbnail","hentry","product_cat-waste-catalyst-business"],"_links":{"self":[{"href":"https:\/\/www.berchemicals.com\/es\/wp-json\/wp\/v2\/product\/1786","targetHints":{"allow":["GET"]}}],"collection":[{"href":"https:\/\/www.berchemicals.com\/es\/wp-json\/wp\/v2\/product"}],"about":[{"href":"https:\/\/www.berchemicals.com\/es\/wp-json\/wp\/v2\/types\/product"}],"wp:featuredmedia":[{"embeddable":true,"href":"https:\/\/www.berchemicals.com\/es\/wp-json\/wp\/v2\/media\/1989"}],"wp:attachment":[{"href":"https:\/\/www.berchemicals.com\/es\/wp-json\/wp\/v2\/media?parent=1786"}],"wp:term":[{"taxonomy":"product_cat","embeddable":true,"href":"https:\/\/www.berchemicals.com\/es\/wp-json\/wp\/v2\/product_cat?post=1786"},{"taxonomy":"product_tag","embeddable":true,"href":"https:\/\/www.berchemicals.com\/es\/wp-json\/wp\/v2\/product_tag?post=1786"}],"curies":[{"name":"wp","href":"https:\/\/api.w.org\/{rel}","templated":true}]}}