{"id":1595,"date":"2025-07-01T14:27:10","date_gmt":"2025-07-01T06:27:10","guid":{"rendered":"http:\/\/www.berchemicals.com\/?post_type=product&#038;p=1595"},"modified":"2025-07-31T13:00:12","modified_gmt":"2025-07-31T05:00:12","slug":"biscyclopentadienyltitanium-dichloride","status":"publish","type":"product","link":"https:\/\/www.berchemicals.com\/es\/product\/biscyclopentadienyltitanium-dichloride\/","title":{"rendered":"Dicloruro de bis(ciclopentadienilo)titanio"},"content":{"rendered":"","protected":false},"excerpt":{"rendered":"<p>Nombre alternativo: Dicloruro de titanoceno; TDC<br \/>\nAplicaci\u00f3n: Como catalizador de hidrogenaci\u00f3n altamente eficiente, utilizado principalmente en reacciones de polimerizaci\u00f3n e hidrogenaci\u00f3n de olefinas, y como sustancia activa altamente eficiente y poco t\u00f3xica en medicina.<\/p>","protected":false},"featured_media":1979,"template":"","meta":[],"product_cat":[302],"product_tag":[],"class_list":["post-1595","product","type-product","status-publish","has-post-thumbnail","hentry","product_cat-high-end-catalysts-made-of-non-noble-metal"],"_links":{"self":[{"href":"https:\/\/www.berchemicals.com\/es\/wp-json\/wp\/v2\/product\/1595","targetHints":{"allow":["GET"]}}],"collection":[{"href":"https:\/\/www.berchemicals.com\/es\/wp-json\/wp\/v2\/product"}],"about":[{"href":"https:\/\/www.berchemicals.com\/es\/wp-json\/wp\/v2\/types\/product"}],"wp:featuredmedia":[{"embeddable":true,"href":"https:\/\/www.berchemicals.com\/es\/wp-json\/wp\/v2\/media\/1979"}],"wp:attachment":[{"href":"https:\/\/www.berchemicals.com\/es\/wp-json\/wp\/v2\/media?parent=1595"}],"wp:term":[{"taxonomy":"product_cat","embeddable":true,"href":"https:\/\/www.berchemicals.com\/es\/wp-json\/wp\/v2\/product_cat?post=1595"},{"taxonomy":"product_tag","embeddable":true,"href":"https:\/\/www.berchemicals.com\/es\/wp-json\/wp\/v2\/product_tag?post=1595"}],"curies":[{"name":"wp","href":"https:\/\/api.w.org\/{rel}","templated":true}]}}