{"id":275,"date":"2022-05-23T11:09:46","date_gmt":"2022-05-23T11:09:46","guid":{"rendered":"http:\/\/dummy.xtemos.com\/woodmart2\/megamarket-elementor\/?page_id=275"},"modified":"2025-07-09T16:17:08","modified_gmt":"2025-07-09T08:17:08","slug":"about-us","status":"publish","type":"page","link":"https:\/\/www.berchemicals.com\/es\/about-us\/","title":{"rendered":"Qui\u00e9nes somos"},"content":{"rendered":"<div data-elementor-type=\"wp-page\" data-elementor-id=\"275\" class=\"elementor elementor-275\">\n\t\t\t\t\t\t\t\t\t<section class=\"wd-negative-gap elementor-section elementor-top-section elementor-element elementor-element-e2a0fab elementor-section-content-middle elementor-section-boxed elementor-section-height-default elementor-section-height-default wd-section-disabled\" data-id=\"e2a0fab\" data-element_type=\"section\">\n\t\t\t\t\t\t<div class=\"elementor-container elementor-column-gap-default\">\n\t\t\t\t\t<div class=\"elementor-column elementor-col-50 elementor-top-column elementor-element elementor-element-97078bc\" data-id=\"97078bc\" data-element_type=\"column\">\n\t\t\t<div class=\"elementor-widget-wrap elementor-element-populated\">\n\t\t\t\t\t\t\t\t<div class=\"elementor-element elementor-element-015b07a elementor-widget elementor-widget-wd_title\" data-id=\"015b07a\" data-element_type=\"widget\" data-widget_type=\"wd_title.default\">\n\t\t\t\t<div class=\"elementor-widget-container\">\n\t\t\t\t\t<div class=\"title-wrapper set-mb-s reset-last-child wd-title-color-default wd-title-style-default wd-title-size-large text-left\">\n\n\t\t\t\n\t\t\t<div class=\"liner-continer\">\n\t\t\t\t<h4 class=\"woodmart-title-container title wd-fontsize-xxl\">Qui\u00e9nes somos<\/h4> \n\t\t\t\t\t\t\t<\/div>\n\n\t\t\t\t\t<\/div>\n\t\t\t\t<\/div>\n\t\t\t\t<\/div>\n\t\t\t\t<div class=\"elementor-element elementor-element-b08f08b elementor-widget elementor-widget-wd_text_block\" data-id=\"b08f08b\" data-element_type=\"widget\" data-widget_type=\"wd_text_block.default\">\n\t\t\t\t<div class=\"elementor-widget-container\">\n\t\t\t\t\t<div class=\"wd-text-block reset-last-child text-left\">\n\t\t\t\n\t\t\t<p>\u00a0 \u00a0 \u00a0Black Earth Rock (Hubei) Chemical Co., Ltd es un proveedor l\u00edder de catalizadores de metales nobles de China en la industria de qu\u00edmica fina, que suministra series de paladio, platino, rodio y rutenio, as\u00ed como algunos catalizadores de gama alta fabricados con metales no nobles (dicloruro de bis(ciclopentadienilo)titanio, dicloruro de bis(ciclopentadienilo)circonio). Los productos y servicios se aplican principalmente en industrias como la qu\u00edmica fina (productos farmac\u00e9uticos, pesticidas, nuevos materiales qu\u00edmicos, tintes y pigmentos), la qu\u00edmica b\u00e1sica, la protecci\u00f3n del medio ambiente y las nuevas energ\u00edas. Mientras tanto, bas\u00e1ndonos en la producci\u00f3n de catalizadores, nos dedicamos a operaciones de joint venture de producci\u00f3n, procesamiento y reciclaje de minas de molibdeno, cubriendo todo el proceso desde las materias primas de concentrado de molibdeno hasta los productos qu\u00edmicos de molibdeno, productos de molibdeno de transformaci\u00f3n profunda y el reciclaje de catalizadores usados que contienen molibdeno, formando as\u00ed una serie de productos de molibdeno que incluyen polvo de molibdeno, tetramolibdato de amonio, dimolibdato de amonio, heptamolibdato de amonio, tri\u00f3xido de molibdeno y \u00e1cido mol\u00edbdico.<\/p><p>\u00a0 \u00a0 Black Earth Rock tambi\u00e9n es una empresa conjunta de investigaci\u00f3n, desarrollo y producci\u00f3n de la serie furano de China de qu\u00edmica fina, y est\u00e1 comprometida con el desarrollo de productos y tecnolog\u00edas de hidrogenaci\u00f3n catal\u00edtica, que se utilizan ampliamente en todo tipo de revestimientos y materiales sint\u00e9ticos. Estamos especializados en reacciones de hidrogenaci\u00f3n catal\u00edtica a alta y media presi\u00f3n (hidrogenaci\u00f3n de furano, hidrogenaci\u00f3n de aminas arom\u00e1ticas, hidrogenaci\u00f3n de \u00e1cidos arom\u00e1ticos, hidrogenaci\u00f3n de fenol, hidrogenaci\u00f3n de cianuro e hidrogenaci\u00f3n de piridina, etc.), reacciones en fase gaseosa de lecho fijo a alta temperatura y el desarrollo de productos de la serie furano utilizando furfural como materia prima de partida.<\/p>\n\t\t\t\t\t<\/div>\n\t\t\t\t<\/div>\n\t\t\t\t<\/div>\n\t\t\t\t\t<\/div>\n\t\t<\/div>\n\t\t\t\t<div class=\"elementor-column elementor-col-50 elementor-top-column elementor-element elementor-element-5909345\" data-id=\"5909345\" data-element_type=\"column\">\n\t\t\t<div class=\"elementor-widget-wrap elementor-element-populated\">\n\t\t\t\t\t\t\t\t<div class=\"elementor-element elementor-element-c088814 elementor-widget elementor-widget-image\" data-id=\"c088814\" data-element_type=\"widget\" data-widget_type=\"image.default\">\n\t\t\t\t<div class=\"elementor-widget-container\">\n\t\t\t<style>\/*! elementor - v3.7.8 - 02-10-2022 *\/\n.elementor-widget-image{text-align:center}.elementor-widget-image a{display:inline-block}.elementor-widget-image a img[src$=\".svg\"]{width:48px}.elementor-widget-image img{vertical-align:middle;display:inline-block}<\/style>\t\t\t\t\t\t\t\t\t\t\t\t<img loading=\"lazy\" decoding=\"async\" width=\"818\" height=\"546\" src=\"https:\/\/www.berchemicals.com\/wp-content\/uploads\/2025\/07\/QQ20250701-135714.webp\" class=\"attachment-full size-full\" alt=\"\" \/>\t\t\t\t\t\t\t\t\t\t\t\t\t\t\t<\/div>\n\t\t\t\t<\/div>\n\t\t\t\t\t<\/div>\n\t\t<\/div>\n\t\t\t\t\t\t\t<\/div>\n\t\t<\/section>\n\t\t\t\t<section class=\"wd-negative-gap elementor-section elementor-top-section elementor-element elementor-element-c1a3e29 elementor-section-boxed elementor-section-height-default elementor-section-height-default wd-section-disabled\" data-id=\"c1a3e29\" data-element_type=\"section\">\n\t\t\t\t\t\t<div class=\"elementor-container elementor-column-gap-default\">\n\t\t\t\t\t<div class=\"elementor-column elementor-col-100 elementor-top-column elementor-element elementor-element-a8c7a04\" data-id=\"a8c7a04\" data-element_type=\"column\">\n\t\t\t<div class=\"elementor-widget-wrap elementor-element-populated\">\n\t\t\t\t\t\t\t\t<div class=\"elementor-element elementor-element-426b0b4 elementor-widget elementor-widget-image\" data-id=\"426b0b4\" data-element_type=\"widget\" data-widget_type=\"image.default\">\n\t\t\t\t<div class=\"elementor-widget-container\">\n\t\t\t\t\t\t\t\t\t\t\t\t\t\t\t<img loading=\"lazy\" decoding=\"async\" width=\"1253\" height=\"620\" src=\"https:\/\/www.berchemicals.com\/wp-content\/uploads\/2025\/07\/QQ20250701-151658.webp\" class=\"attachment-full size-full\" alt=\"\" \/>\t\t\t\t\t\t\t\t\t\t\t\t\t\t\t<\/div>\n\t\t\t\t<\/div>\n\t\t\t\t\t<\/div>\n\t\t<\/div>\n\t\t\t\t\t\t\t<\/div>\n\t\t<\/section>\n\t\t\t\t<section class=\"wd-negative-gap elementor-section elementor-top-section elementor-element elementor-element-e5a03a3 elementor-section-boxed elementor-section-height-default elementor-section-height-default wd-section-disabled\" data-id=\"e5a03a3\" data-element_type=\"section\">\n\t\t\t\t\t\t<div class=\"elementor-container elementor-column-gap-default\">\n\t\t\t\t\t<div class=\"elementor-column elementor-col-50 elementor-top-column elementor-element elementor-element-eb34e00\" data-id=\"eb34e00\" data-element_type=\"column\">\n\t\t\t<div class=\"elementor-widget-wrap elementor-element-populated\">\n\t\t\t\t\t\t\t\t<div class=\"elementor-element elementor-element-17d4268 elementor-widget elementor-widget-wd_title\" data-id=\"17d4268\" data-element_type=\"widget\" data-widget_type=\"wd_title.default\">\n\t\t\t\t<div class=\"elementor-widget-container\">\n\t\t\t\t\t<div class=\"title-wrapper set-mb-s reset-last-child wd-title-color-default wd-title-style-default wd-title-size-medium text-left\">\n\n\t\t\t\n\t\t\t<div class=\"liner-continer\">\n\t\t\t\t<h4 class=\"woodmart-title-container title wd-fontsize-xl\">Lo que dicen de nosotros<\/h4> \n\t\t\t\t\t\t\t<\/div>\n\n\t\t\t\t\t<\/div>\n\t\t\t\t<\/div>\n\t\t\t\t<\/div>\n\t\t\t\t<div class=\"elementor-element elementor-element-2fc1584 elementor-widget__width-initial elementor-widget elementor-widget-wd_testimonials\" data-id=\"2fc1584\" data-element_type=\"widget\" data-widget_type=\"wd_testimonials.default\">\n\t\t\t\t<div class=\"elementor-widget-container\">\n\t\t\t\t\t<div class=\"testimonials testimonials-wrapper testimonials-slider testimon-style-info-top  color-scheme- wd-carousel-container wd-carousel-spacing-20\" id=\"carousel-7743\" data-owl-carousel data-speed=\"\" data-slides_per_view_tablet='{\"size\":\"\"}' data-slides_per_view_mobile='{\"size\":\"\"}' data-wrap=\"no\" data-hide_pagination_control=\"yes\" data-hide_prev_next_buttons=\"no\" data-desktop=\"1\" data-tablet=\"1\" data-tablet_landscape=\"1\" data-mobile=\"1\">\n\t\t\t<div class=\"owl-carousel owl-items-lg-1 owl-items-md-1 owl-items-sm-1 owl-items-xs-1\">\n\t\t\t\t\t\t\t\t\t\n<div class=\"wd-testimon column\">\n\t<div class=\"wd-testimon-info\">\n\t\t\t\t\t<div class=\"wd-testimon-thumb\">\n\t\t\t\t<img decoding=\"async\" src=\"https:\/\/www.berchemicals.com\/wp-content\/uploads\/elementor\/thumbs\/megamarket-testimonials-pic-3-r8jnvyiqxo6ji3jh101y0ovhgv3l9pbehyf3vx7i7c.jpg\" class=\"testimonial-avatar-image\">\t\t\t<\/div>\n\t\t\n\t\t<div class=\"wd-testimon-bio\">\n\t\t\t\t\t\t\t<div class=\"wd-testimon-name title\">\n\t\t\t\t\tKingsley Chandler\t\t\t\t<\/div>\n\t\t\t\n\t\t\t\t\t\t\t<div class=\"wd-testimon-pos\">\n\t\t\t\t\tCliente de BASF\t\t\t\t<\/div>\n\t\t\t\n\t\t\t<div class=\"star-rating\">\n\t\t\t\t<span style=\"width:100%\"><\/span>\n\t\t\t<\/div>\n\t\t<\/div>\n\t<\/div>\n\n\t\t\t<div class=\"wd-testimon-text reset-last-child\">\n\t\t\t<p>Black Earth Rock es una empresa fiable. Sus productos son de alta calidad, con una buena relaci\u00f3n calidad-precio, un servicio excelente y una respuesta r\u00e1pida. Actualmente, Black Earth Rock se ha convertido en uno de nuestros proveedores chinos estables.<\/p>\t\t<\/div>\n\t<\/div>\t\t\t\t\t\t\t\t\t\n<div class=\"wd-testimon column\">\n\t<div class=\"wd-testimon-info\">\n\t\t\t\t\t<div class=\"wd-testimon-thumb\">\n\t\t\t\t<img decoding=\"async\" src=\"https:\/\/www.berchemicals.com\/wp-content\/uploads\/elementor\/thumbs\/megamarket-testimonials-pic-2-r8jnvyiqxo6ji3jh101y0ovhgv3l9pbehyf3vx7i7c.jpg\" class=\"testimonial-avatar-image\">\t\t\t<\/div>\n\t\t\n\t\t<div class=\"wd-testimon-bio\">\n\t\t\t\t\t\t\t<div class=\"wd-testimon-name title\">\n\t\t\t\t\tOrson Lancaster\t\t\t\t<\/div>\n\t\t\t\n\t\t\t\t\t\t\t<div class=\"wd-testimon-pos\">\n\t\t\t\t\tCliente\t\t\t\t<\/div>\n\t\t\t\n\t\t\t<div class=\"star-rating\">\n\t\t\t\t<span style=\"width:100%\"><\/span>\n\t\t\t<\/div>\n\t\t<\/div>\n\t<\/div>\n\n\t\t\t<div class=\"wd-testimon-text reset-last-child\">\n\t\t\t<p>Si el texto distrae la atenci\u00f3n en el dise\u00f1o, es que est\u00e1s haciendo algo mal o est\u00e1n discutiendo cambios en el texto.<\/p>\t\t<\/div>\n\t<\/div>\t\t\t\t\t\t\t\t\t\n<div class=\"wd-testimon column\">\n\t<div class=\"wd-testimon-info\">\n\t\t\t\t\t<div class=\"wd-testimon-thumb\">\n\t\t\t\t<img decoding=\"async\" src=\"https:\/\/www.berchemicals.com\/wp-content\/uploads\/elementor\/thumbs\/megamarket-testimonials-pic-1-r8jnvyiqxo6ji3jh101y0ovhgv3l9pbehyf3vx7i7c.jpg\" class=\"testimonial-avatar-image\">\t\t\t<\/div>\n\t\t\n\t\t<div class=\"wd-testimon-bio\">\n\t\t\t\t\t\t\t<div class=\"wd-testimon-name title\">\n\t\t\t\t\tHarleigh Dodson\t\t\t\t<\/div>\n\t\t\t\n\t\t\t\t\t\t\t<div class=\"wd-testimon-pos\">\n\t\t\t\t\tCliente\t\t\t\t<\/div>\n\t\t\t\n\t\t\t<div class=\"star-rating\">\n\t\t\t\t<span style=\"width:100%\"><\/span>\n\t\t\t<\/div>\n\t\t<\/div>\n\t<\/div>\n\n\t\t\t<div class=\"wd-testimon-text reset-last-child\">\n\t\t\t<p>En el peor de los casos, la discusi\u00f3n est\u00e1 al menos trabajando hacia el objetivo final de su sitio donde las preguntas sobre no.<\/p>\t\t<\/div>\n\t<\/div>\t\t\t\t\t\t\t<\/div>\n\t\t<\/div>\n\t\t\t\t<\/div>\n\t\t\t\t<\/div>\n\t\t\t\t\t<\/div>\n\t\t<\/div>\n\t\t\t\t<div class=\"elementor-column elementor-col-50 elementor-top-column elementor-element elementor-element-23d54c5\" data-id=\"23d54c5\" data-element_type=\"column\">\n\t\t\t<div class=\"elementor-widget-wrap\">\n\t\t\t\t\t\t\t\t\t<\/div>\n\t\t<\/div>\n\t\t\t\t\t\t\t<\/div>\n\t\t<\/section>\n\t\t\t\t\t\t\t<\/div>","protected":false},"excerpt":{"rendered":"<p>About Us \u00a0 \u00a0 \u00a0Black Earth Rock (Hubei) Chemical Co., Ltd is a leading supplier of China noble metal catalysts<\/p>","protected":false},"author":1,"featured_media":0,"parent":0,"menu_order":0,"comment_status":"closed","ping_status":"closed","template":"","meta":{"footnotes":""},"class_list":["post-275","page","type-page","status-publish","hentry"],"_links":{"self":[{"href":"https:\/\/www.berchemicals.com\/es\/wp-json\/wp\/v2\/pages\/275","targetHints":{"allow":["GET"]}}],"collection":[{"href":"https:\/\/www.berchemicals.com\/es\/wp-json\/wp\/v2\/pages"}],"about":[{"href":"https:\/\/www.berchemicals.com\/es\/wp-json\/wp\/v2\/types\/page"}],"author":[{"embeddable":true,"href":"https:\/\/www.berchemicals.com\/es\/wp-json\/wp\/v2\/users\/1"}],"replies":[{"embeddable":true,"href":"https:\/\/www.berchemicals.com\/es\/wp-json\/wp\/v2\/comments?post=275"}],"version-history":[{"count":18,"href":"https:\/\/www.berchemicals.com\/es\/wp-json\/wp\/v2\/pages\/275\/revisions"}],"predecessor-version":[{"id":1742,"href":"https:\/\/www.berchemicals.com\/es\/wp-json\/wp\/v2\/pages\/275\/revisions\/1742"}],"wp:attachment":[{"href":"https:\/\/www.berchemicals.com\/es\/wp-json\/wp\/v2\/media?parent=275"}],"curies":[{"name":"wp","href":"https:\/\/api.w.org\/{rel}","templated":true}]}}