{"id":1793,"date":"2025-07-11T15:55:05","date_gmt":"2025-07-11T07:55:05","guid":{"rendered":"https:\/\/www.berchemicals.com\/?post_type=product&#038;p=1793"},"modified":"2025-07-16T15:27:12","modified_gmt":"2025-07-16T07:27:12","slug":"pyrrolidine","status":"publish","type":"product","link":"https:\/\/www.berchemicals.com\/de\/product\/pyrrolidine\/","title":{"rendered":"Pyrrolidin"},"content":{"rendered":"<p>Produktname auf Englisch: Pyrrolidin<\/p>\n<p>CAS-Nr.: 123-75-1<\/p>\n<p>Anwendung: haupts\u00e4chlich f\u00fcr Epoxidh\u00e4rter, Gummibeschleuniger usw.<\/p>","protected":false},"excerpt":{"rendered":"<p>Product name in English: Pyrrolidine CAS No.: 123-75-1 Application: mainly for epoxy curing agents, rubber accelerators, etc.<\/p>","protected":false},"featured_media":1867,"template":"","meta":[],"product_cat":[303],"product_tag":[],"class_list":["post-1793","product","type-product","status-publish","has-post-thumbnail","hentry","product_cat-bio-based-products"],"_links":{"self":[{"href":"https:\/\/www.berchemicals.com\/de\/wp-json\/wp\/v2\/product\/1793","targetHints":{"allow":["GET"]}}],"collection":[{"href":"https:\/\/www.berchemicals.com\/de\/wp-json\/wp\/v2\/product"}],"about":[{"href":"https:\/\/www.berchemicals.com\/de\/wp-json\/wp\/v2\/types\/product"}],"wp:featuredmedia":[{"embeddable":true,"href":"https:\/\/www.berchemicals.com\/de\/wp-json\/wp\/v2\/media\/1867"}],"wp:attachment":[{"href":"https:\/\/www.berchemicals.com\/de\/wp-json\/wp\/v2\/media?parent=1793"}],"wp:term":[{"taxonomy":"product_cat","embeddable":true,"href":"https:\/\/www.berchemicals.com\/de\/wp-json\/wp\/v2\/product_cat?post=1793"},{"taxonomy":"product_tag","embeddable":true,"href":"https:\/\/www.berchemicals.com\/de\/wp-json\/wp\/v2\/product_tag?post=1793"}],"curies":[{"name":"wp","href":"https:\/\/api.w.org\/{rel}","templated":true}]}}